{"id":878,"date":"2016-04-04T20:41:30","date_gmt":"2016-04-04T18:41:30","guid":{"rendered":"http:\/\/bjorngrande.net\/?page_id=878"},"modified":"2016-04-06T00:58:28","modified_gmt":"2016-04-05T22:58:28","slug":"den-fuktige-siden","status":"publish","type":"page","link":"https:\/\/bjorngrande.net\/en\/den-fuktige-siden\/","title":{"rendered":"The slightly humid side of life"},"content":{"rendered":"<p>Noen artikler om vann<\/p>\n<p><a href=\"http:\/\/bjorngrande.net\/en\/?p=47\">Aqua kommunalis<\/a>. Litt om vannet som renner ut av kranen din<\/p>\n<p><a href=\"http:\/\/bjorngrande.net\/en\/?p=56\">The weird substance<\/a> En artikkel om det underfundige stoffet som l\u00f8ser opp det meste<\/p>\n<p><a href=\"http:\/\/bjorngrande.net\/en\/?p=60\">Raging water<\/a> er egentlig en litt misvisende tittel p\u00e5 denne artikkelen. For selv om vann av og til kan v\u00e6re ganske s\u00e5 sint, s\u00e5 handler det her mer generelt om vannet kretsl\u00f8p og v\u00e5r avhengighet av det.<\/p>\n<p><a href=\"http:\/\/bjorngrande.net\/en\/?p=124\">Living by water<\/a> Noe om tilv\u00e6relser og n\u00f8dvendigheter og hvorhen det er godt \u00e5 v\u00e6re<\/p>\n<p><a href=\"http:\/\/bjorngrande.net\/en\/?p=355\">Hvordan ble det liv<\/a>. Egentlig litt utenom tema for siden, men likevel. Hadde det ikke v\u00e6rt vann, s\u00e5 hadde det ikke v\u00e6rt vi.<\/p>\n<p><a href=\"http:\/\/bjorngrande.net\/en\/?p=454\">Fult vann<\/a>. Hva skjer med det vannet vi har brukt?<\/p>","protected":false},"excerpt":{"rendered":"<p>Noen artikler om vann Aqua kommunalis. Litt om vannet som renner ut av kranen din Det underlige stoffet En artikkel om det underfundige stoffet som l\u00f8ser opp det meste Rasende vann er egentlig en litt misvisende tittel p\u00e5 denne artikkelen. &hellip; <a href=\"https:\/\/bjorngrande.net\/en\/den-fuktige-siden\/\">Continue reading <span class=\"meta-nav\">&rarr;<\/span><\/a><\/p>","protected":false},"author":1,"featured_media":0,"parent":0,"menu_order":0,"comment_status":"closed","ping_status":"closed","template":"","meta":{"footnotes":""},"class_list":["post-878","page","type-page","status-publish","hentry"],"_links":{"self":[{"href":"https:\/\/bjorngrande.net\/en\/wp-json\/wp\/v2\/pages\/878","targetHints":{"allow":["GET"]}}],"collection":[{"href":"https:\/\/bjorngrande.net\/en\/wp-json\/wp\/v2\/pages"}],"about":[{"href":"https:\/\/bjorngrande.net\/en\/wp-json\/wp\/v2\/types\/page"}],"author":[{"embeddable":true,"href":"https:\/\/bjorngrande.net\/en\/wp-json\/wp\/v2\/users\/1"}],"replies":[{"embeddable":true,"href":"https:\/\/bjorngrande.net\/en\/wp-json\/wp\/v2\/comments?post=878"}],"version-history":[{"count":5,"href":"https:\/\/bjorngrande.net\/en\/wp-json\/wp\/v2\/pages\/878\/revisions"}],"predecessor-version":[{"id":894,"href":"https:\/\/bjorngrande.net\/en\/wp-json\/wp\/v2\/pages\/878\/revisions\/894"}],"wp:attachment":[{"href":"https:\/\/bjorngrande.net\/en\/wp-json\/wp\/v2\/media?parent=878"}],"curies":[{"name":"wp","href":"https:\/\/api.w.org\/{rel}","templated":true}]}}