{"id":215,"date":"2013-07-08T15:58:36","date_gmt":"2013-07-08T13:58:36","guid":{"rendered":"http:\/\/bjorngrande.net\/?page_id=215"},"modified":"2014-08-28T20:57:17","modified_gmt":"2014-08-28T18:57:17","slug":"gammelsabben","status":"publish","type":"page","link":"https:\/\/bjorngrande.net\/en\/gammelsabben\/","title":{"rendered":"The old Sabb engine"},"content":{"rendered":"<h1>Der var gammelsabben kommen til g\u00e5rds.<\/h1>\n<p><a href=\"http:\/\/bjorngrande.net\/wp-content\/uploads\/2013\/07\/2013-07-05-14.28.08.jpg\"><img loading=\"lazy\" decoding=\"async\" class=\"size-medium wp-image-216 alignleft\" src=\"http:\/\/bjorngrande.net\/wp-content\/uploads\/2013\/07\/2013-07-05-14.28.08-300x225.jpg\" alt=\"Gammmelsabben\" width=\"300\" height=\"225\" srcset=\"https:\/\/bjorngrande.net\/wp-content\/uploads\/2013\/07\/2013-07-05-14.28.08-300x225.jpg 300w, https:\/\/bjorngrande.net\/wp-content\/uploads\/2013\/07\/2013-07-05-14.28.08-1024x768.jpg 1024w, https:\/\/bjorngrande.net\/wp-content\/uploads\/2013\/07\/2013-07-05-14.28.08-624x468.jpg 624w, https:\/\/bjorngrande.net\/wp-content\/uploads\/2013\/07\/2013-07-05-14.28.08.jpg 2048w\" sizes=\"auto, (max-width: 300px) 100vw, 300px\" \/><\/a><\/p>\n<p>&nbsp;<\/p>\n<p>Den kommer ifra Rossfjorden der den har tilbrakt en uverdig tilv\u00e6relse i h\u00f8ggresset. N\u00e5 er jo slike klumper vant til, og laget for \u00e5 t\u00e5le litt fuktighet. Uvirksomhet, derimot, det har de lite godt av. Derfor satt det fast, b\u00e5de det ene og det andre da jeg kom hjem med den. Det meste l\u00f8snet greit ved hjelp av en fyrlampe og litt jubajubaolje, men det ser ut som at det er noe rust i sylinderen, for jeg kan ikke t\u00f8rne den helt rundt. S\u00e5 jeg m\u00e5 kanskje ha av toppen og hone sylinderen. Derfor tar det nok litt tid f\u00f8r jeg kan starte vidunderet.<\/p>\n<p>S\u00e5 er det sikkert mange som lurer p\u00e5 hva jeg skal med den. Det lurer jeg ogs\u00e5 litt p\u00e5, egentlig. For jeg har ikke b\u00e5t som den passer i. Dessuten fulgte ikke propellen og akslingen med, s\u00e5 den er derfor lite egnet for maritim framdrift. Det blir nok landkrabbetilv\u00e6relse for Gammelsabben. Men derfor beh\u00f8ver det jo ikke bli noen latsabbtilv\u00e6relse. Jeg har et aggregat den kan drive, og jeg har en pumpe som egner seg godt til sabbtilkobling. Og mer skal vi vel finne p\u00e5 hvert.<\/p>\n<p>&nbsp;<\/p>\n<p>Forel\u00f8pig er det vedlikehold og reparasjoner som st\u00e5r f\u00f8rst p\u00e5 lista. Den m\u00e5 jo v\u00e6re i orden f\u00f8r den kan dra noe som helst.<a href=\"http:\/\/bjorngrande.net\/wp-content\/uploads\/2013\/07\/2013-07-05-14.20.30.jpg\"><img loading=\"lazy\" decoding=\"async\" class=\"alignleft size-medium wp-image-221\" src=\"http:\/\/bjorngrande.net\/wp-content\/uploads\/2013\/07\/2013-07-05-14.20.30-300x225.jpg\" alt=\"SAMSUNG\" width=\"300\" height=\"225\" srcset=\"https:\/\/bjorngrande.net\/wp-content\/uploads\/2013\/07\/2013-07-05-14.20.30-300x225.jpg 300w, https:\/\/bjorngrande.net\/wp-content\/uploads\/2013\/07\/2013-07-05-14.20.30-1024x768.jpg 1024w, https:\/\/bjorngrande.net\/wp-content\/uploads\/2013\/07\/2013-07-05-14.20.30-624x468.jpg 624w, https:\/\/bjorngrande.net\/wp-content\/uploads\/2013\/07\/2013-07-05-14.20.30.jpg 2048w\" sizes=\"auto, (max-width: 300px) 100vw, 300px\" \/><\/a> Og jeg er i gang. Dynamoen og dynamofestet er demontert og under oppussing i kjelleren. Ja for det stod en god gammeldags likestr\u00f8msdynamo p\u00e5 den.<\/p>\n<p>Motoren er ikke s\u00e5 veldig tung, bare rundt et par hundre kilo, men det er jo likevel atskillig mer en det jeg klarer \u00e5 l\u00f8fte, s\u00e5 det m\u00e5tte til et lite kranarrangement for \u00e5 f\u00e5 den ned fra tilhengeren. Det gikk fint som bare det, og n\u00e5 st\u00e5r den p\u00e5 en pall og venter p\u00e5 at jeg skal snekre en bukk som den kan st\u00e5 p\u00e5.<\/p>\n<p>&nbsp;<\/p>\n<p>N\u00e5 er det en ting jeg har tenkt p\u00e5. Forel\u00f8pig har jeg bare tiltalt den med navnet Gammelsabben. Det er vel ikke et helt godtakbart navn for en \u00e6rverdig gammel sliter. Forslag til mer treffende navn vil v\u00e6re velkomne. Bruk gjerne kommentarfeltet, eller om det foretrekkes, send meg en <a href=\"mailto:bjorn@bjorngrande.net?subject=Sabbnavn\">epost<\/a><\/p>\n<h1>Livet er som en kommode, skuff p\u00e5 skuff<\/h1>\n<p>10.07.2013<\/p>\n<p>Det var det jeg tenkte i dag. For det var slik at motoren satt ikke fast, men jeg klarte ikke \u00e5 t\u00f8rne den over topp.<a href=\"http:\/\/bjorngrande.net\/wp-content\/uploads\/2013\/07\/2013-07-10-15.52.41.jpg\"><img loading=\"lazy\" decoding=\"async\" class=\"alignleft size-medium wp-image-241\" src=\"http:\/\/bjorngrande.net\/wp-content\/uploads\/2013\/07\/2013-07-10-15.52.41-300x225.jpg\" alt=\"SAMSUNG\" width=\"300\" height=\"225\" srcset=\"https:\/\/bjorngrande.net\/wp-content\/uploads\/2013\/07\/2013-07-10-15.52.41-300x225.jpg 300w, https:\/\/bjorngrande.net\/wp-content\/uploads\/2013\/07\/2013-07-10-15.52.41-1024x768.jpg 1024w, https:\/\/bjorngrande.net\/wp-content\/uploads\/2013\/07\/2013-07-10-15.52.41-624x468.jpg 624w, https:\/\/bjorngrande.net\/wp-content\/uploads\/2013\/07\/2013-07-10-15.52.41.jpg 2048w\" sizes=\"auto, (max-width: 300px) 100vw, 300px\" \/><\/a> Den stoppet med stempelet omtrent midt oppe i sylinderen. Derfor skrudde jeg av toppen. Og det var et utrivelig syn som m\u00f8tte meg. Det stod tre centimeter med rustvann opp\u00e5 stempelet og sylinderveggene var fulle av rust. N\u00e5 er det jo l\u00f8se sylinderforinger i denne motoren. De er utskiftbare, s\u00e5 alt h\u00e5p er jo ikke ute. Ulempen er at en sylinderforing koster n\u00e6r innp\u00e5 3000 kroner. Det hadde jeg jo ikke s\u00e5 veldig lyst \u00e5 spandere, s\u00e5 her blir det nok skraping og honing. Lyspunktet midt i all elendigheten er at vannet stod opp\u00e5 stempelet. Det tyder jo p\u00e5 at b\u00e5de stempelringer og nedre del av sylindervegg er intakt.<\/p>\n<p>I morra \u00e5pner jeg veivhusluken og ser etter hvordan det st\u00e5r til der. Brennstoffpumpen og innspr\u00f8ytningdysen m\u00e5 ogs\u00e5 sjekkes.<\/p>\n<h1>\u00a0P\u00e5 hospitalet<\/h1>\n<p>20.07.2013<\/p>\n<p><a href=\"http:\/\/bjorngrande.net\/wp-content\/uploads\/2013\/07\/2013-07-20-18.04.12.jpg\"><img loading=\"lazy\" decoding=\"async\" class=\"alignleft size-medium wp-image-267\" src=\"http:\/\/bjorngrande.net\/wp-content\/uploads\/2013\/07\/2013-07-20-18.04.12-300x225.jpg\" alt=\"SAMSUNG\" width=\"467\" height=\"350\" srcset=\"https:\/\/bjorngrande.net\/wp-content\/uploads\/2013\/07\/2013-07-20-18.04.12-300x225.jpg 300w, https:\/\/bjorngrande.net\/wp-content\/uploads\/2013\/07\/2013-07-20-18.04.12-1024x768.jpg 1024w, https:\/\/bjorngrande.net\/wp-content\/uploads\/2013\/07\/2013-07-20-18.04.12-624x468.jpg 624w, https:\/\/bjorngrande.net\/wp-content\/uploads\/2013\/07\/2013-07-20-18.04.12.jpg 2048w\" sizes=\"auto, (max-width: 467px) 100vw, 467px\" \/><\/a>Her har vi f\u00e5tt den innlagt p\u00e5 verkstedet. F\u00f8rst m\u00e5tte det lages et slags fundament og s\u00e5 st\u00e5r hele greiene opp\u00e5 en pall med hjul, s\u00e5 den er lett \u00e5 flytte omkring. Her ser vi den inne p\u00e5 sykerommet ( demontering av dyseholder in progress). Den satt fast noe s\u00e5 katzenjamerlig, men det er n\u00e5 makta som r\u00e5r. Jeg m\u00e5tte gj\u00f8re meg streng i stemmen og varsku fra om at skulle det noensinne bli start, s\u00e5 hadde den bare med \u00e5 v\u00e6re grei. Det hjalp. Dysen s\u00e5 n\u00e5 forresten ikke s\u00e5 aller verst ut. Litt sot, men det <a href=\"http:\/\/bjorngrande.net\/wp-content\/uploads\/2013\/07\/2013-07-20-18.43.18.jpg\"><img loading=\"lazy\" decoding=\"async\" class=\"alignleft size-medium wp-image-268\" src=\"http:\/\/bjorngrande.net\/wp-content\/uploads\/2013\/07\/2013-07-20-18.43.18-300x225.jpg\" alt=\"SAMSUNG\" width=\"228\" height=\"172\" srcset=\"https:\/\/bjorngrande.net\/wp-content\/uploads\/2013\/07\/2013-07-20-18.43.18-300x225.jpg 300w, https:\/\/bjorngrande.net\/wp-content\/uploads\/2013\/07\/2013-07-20-18.43.18-1024x768.jpg 1024w, https:\/\/bjorngrande.net\/wp-content\/uploads\/2013\/07\/2013-07-20-18.43.18-624x468.jpg 624w, https:\/\/bjorngrande.net\/wp-content\/uploads\/2013\/07\/2013-07-20-18.43.18.jpg 2048w\" sizes=\"auto, (max-width: 228px) 100vw, 228px\" \/><\/a>er ikke mer enn en \u00e5 regne med. Litt sot ble n\u00e5 fjernet straks, og n\u00e5 er den oppdelt i sine prim\u00e6rfaktorer og ligger til bl\u00f8yting i diesel.<a href=\"http:\/\/bjorngrande.net\/wp-content\/uploads\/2013\/07\/2013-07-20-19.22.03.jpg\"><img loading=\"lazy\" decoding=\"async\" class=\"alignright size-medium wp-image-269\" src=\"http:\/\/bjorngrande.net\/wp-content\/uploads\/2013\/07\/2013-07-20-19.22.03-300x225.jpg\" alt=\"SAMSUNG\" width=\"300\" height=\"225\" srcset=\"https:\/\/bjorngrande.net\/wp-content\/uploads\/2013\/07\/2013-07-20-19.22.03-300x225.jpg 300w, https:\/\/bjorngrande.net\/wp-content\/uploads\/2013\/07\/2013-07-20-19.22.03-1024x768.jpg 1024w, https:\/\/bjorngrande.net\/wp-content\/uploads\/2013\/07\/2013-07-20-19.22.03-624x468.jpg 624w, https:\/\/bjorngrande.net\/wp-content\/uploads\/2013\/07\/2013-07-20-19.22.03.jpg 2048w\" sizes=\"auto, (max-width: 300px) 100vw, 300px\" \/><\/a><\/p>\n<p>S\u00e5 m\u00e5 jeg bare f\u00e5 tak i noen jordmorhansker til jeg skal sette den sammen igjen.<\/p>\n<p>Ellers s\u00e5 har jeg f\u00e5tt vekk s\u00e5 mye rust og uhumskeligheter fra sylinderveggene at den kan t\u00f8rnes helt rundt, men de ser ikke helt gode ut. Vi f\u00e5r se om det blir kompresjon. Men det blir nok en stund til vi kommer s\u00e5 langt. F\u00f8rst m\u00e5 stempelet opp s\u00e5 man kan sjekke om ringene er l\u00f8se og i orden. S\u00e5 m\u00e5 en gj\u00f8re en ordentlig jobb med sylinderhonen.<\/p>\n<p>Dette skulle jo v\u00e6re vinterarbeid, men det var jo viktig \u00e5 f\u00e5 sjekket tilstanden p\u00e5 sylinderen siden den ikke gikk over topp. Og s\u00e5 er det jo viktig \u00e5 f\u00e5 sjekket dyse og pumpe og s\u00e5 &#8230; og s\u00e5 &#8230; og&#8230;<\/p>\n<p>Her er et bilde fra veivhuset. Der ser egentlig ikke s\u00e5 verst ut. Der er n\u00e5 iallfall olje &#8211; og ja, det glemte jeg i dag jeg var p\u00e5 biltema. En oljesugepumpe trenger jeg jo. Jaja, det f\u00e5r bli neste gang.<\/p>\n<p>Men jeg mangler startsveiv! Er det noen som har en l\u00f8s startsveiv uten motor liggende, s\u00e5 er jeg interessert.<a href=\"http:\/\/bjorngrande.net\/wp-content\/uploads\/2013\/07\/2013-07-20-19.35.34.jpg\"><img loading=\"lazy\" decoding=\"async\" class=\"alignleft size-medium wp-image-270\" src=\"http:\/\/bjorngrande.net\/wp-content\/uploads\/2013\/07\/2013-07-20-19.35.34-300x225.jpg\" alt=\"SAMSUNG\" width=\"300\" height=\"225\" srcset=\"https:\/\/bjorngrande.net\/wp-content\/uploads\/2013\/07\/2013-07-20-19.35.34-300x225.jpg 300w, https:\/\/bjorngrande.net\/wp-content\/uploads\/2013\/07\/2013-07-20-19.35.34-1024x768.jpg 1024w, https:\/\/bjorngrande.net\/wp-content\/uploads\/2013\/07\/2013-07-20-19.35.34-624x468.jpg 624w, https:\/\/bjorngrande.net\/wp-content\/uploads\/2013\/07\/2013-07-20-19.35.34.jpg 2048w\" sizes=\"auto, (max-width: 300px) 100vw, 300px\" \/><\/a><\/p>\n<p>Slik ser det da ut inni veivhuset.<\/p>\n<h1>Nye deler<\/h1>\n<p>28.08.2014<br \/>\nNye deler m\u00e5 til. Toppakning, vannpakninger, eksospakning, l\u00e5sekoner til ventilene og litt annet sm\u00e5tteri. Ja og s\u00e5 den stempelringen som knektes da jeg skulle ta ut stempelet. Men sylinderforingen ser ikke s\u00e5 aller verst ut etter litt honing. N\u00e5 er det bare at det blir noen dager med &laquo;innev\u00e6r&raquo;. For det har det v\u00e6rt aldeles manko p\u00e5 i sommer. N\u00e5 skal det vel legges til at det<br \/>\n<a href=\"http:\/\/bjorngrande.net\/wp-content\/uploads\/2013\/07\/2014-08-28-18.47.34-e1409251855970.jpg\"><img loading=\"lazy\" decoding=\"async\" class=\"alignleft size-medium wp-image-541\" src=\"http:\/\/bjorngrande.net\/wp-content\/uploads\/2013\/07\/2014-08-28-18.47.34-e1409251855970-300x225.jpg\" alt=\"SAMSUNG\" width=\"300\" height=\"225\" srcset=\"https:\/\/bjorngrande.net\/wp-content\/uploads\/2013\/07\/2014-08-28-18.47.34-e1409251855970-300x225.jpg 300w, https:\/\/bjorngrande.net\/wp-content\/uploads\/2013\/07\/2014-08-28-18.47.34-e1409251855970-1024x768.jpg 1024w, https:\/\/bjorngrande.net\/wp-content\/uploads\/2013\/07\/2014-08-28-18.47.34-e1409251855970-624x468.jpg 624w, https:\/\/bjorngrande.net\/wp-content\/uploads\/2013\/07\/2014-08-28-18.47.34-e1409251855970.jpg 2048w\" sizes=\"auto, (max-width: 300px) 100vw, 300px\" \/><\/a>har ingen hast med &laquo;innedager&raquo;. Vi tar gjerne flere godv\u00e6rsdager med utev\u00e6ring og utearbeid. Men jeg regner med at innedagene kommer etterhvert. Da blir det tid for \u00e5 fryde seg over nye deler fra Frydenb\u00f8 Sabb<\/p>","protected":false},"excerpt":{"rendered":"<p>Der var gammelsabben kommen til g\u00e5rds. &nbsp; Den kommer ifra Rossfjorden der den har tilbrakt en uverdig tilv\u00e6relse i h\u00f8ggresset. N\u00e5 er jo slike klumper vant til, og laget for \u00e5 t\u00e5le litt fuktighet. Uvirksomhet, derimot, det har de lite &hellip; <a href=\"https:\/\/bjorngrande.net\/en\/gammelsabben\/\">Continue reading <span class=\"meta-nav\">&rarr;<\/span><\/a><\/p>","protected":false},"author":1,"featured_media":0,"parent":0,"menu_order":0,"comment_status":"open","ping_status":"open","template":"","meta":{"footnotes":""},"class_list":["post-215","page","type-page","status-publish","hentry"],"_links":{"self":[{"href":"https:\/\/bjorngrande.net\/en\/wp-json\/wp\/v2\/pages\/215","targetHints":{"allow":["GET"]}}],"collection":[{"href":"https:\/\/bjorngrande.net\/en\/wp-json\/wp\/v2\/pages"}],"about":[{"href":"https:\/\/bjorngrande.net\/en\/wp-json\/wp\/v2\/types\/page"}],"author":[{"embeddable":true,"href":"https:\/\/bjorngrande.net\/en\/wp-json\/wp\/v2\/users\/1"}],"replies":[{"embeddable":true,"href":"https:\/\/bjorngrande.net\/en\/wp-json\/wp\/v2\/comments?post=215"}],"version-history":[{"count":17,"href":"https:\/\/bjorngrande.net\/en\/wp-json\/wp\/v2\/pages\/215\/revisions"}],"predecessor-version":[{"id":545,"href":"https:\/\/bjorngrande.net\/en\/wp-json\/wp\/v2\/pages\/215\/revisions\/545"}],"wp:attachment":[{"href":"https:\/\/bjorngrande.net\/en\/wp-json\/wp\/v2\/media?parent=215"}],"curies":[{"name":"wp","href":"https:\/\/api.w.org\/{rel}","templated":true}]}}