{"id":2,"date":"2013-04-28T21:12:15","date_gmt":"2013-04-28T21:12:15","guid":{"rendered":"http:\/\/bjorngrande.net\/?page_id=2"},"modified":"2015-06-25T23:20:33","modified_gmt":"2015-06-25T21:20:33","slug":"sample-page","status":"publish","type":"page","link":"https:\/\/bjorngrande.net\/en\/sample-page\/","title":{"rendered":"S\u00f8rreisa"},"content":{"rendered":"<p><iframe loading=\"lazy\" src=\"http:\/\/bjorngrande.asuscomm.com\/weather\/tempdial.png\" height=\"212\" width=\"219\" seamless=\"\"><\/iframe>S\u00f8rreisa, har jeg forst\u00e5tt, er en popul\u00e6r plass for utflytta Senjav\u00e6ringa Kanskje fordi det er en utkant som ligger p\u00e5 innersida, og derfor ikke egentlig er en utkant, men en forkledt innkant. Mens det uti Torsken var langt uansett hvor en skulle hen, s\u00e5 er det fra S\u00f8rreisa stort sett en sprengvei,uansett hvor en vil hen. Og s\u00e5 .har en jo Senja i \u00f8yensyn hele tiden, der den ligger og skjermer for vind og regn og annet uv\u00e6r. Men kaldt &#8211; innimellom svinkaldt, det er det. Cirka 4 grader kalder enn uti Torsken, har jeg funnet ut. Det kan hende det ikke stemmer, men inntil noen sier noe annet, s\u00e5 holder jeg meg til det. Da er det godt \u00e5 v\u00e6re rikelig ekvipert med varmepumper, vedovner og annet varmestell.<\/p>\n<p><a href=\"http:\/\/sorreisa.kommune.no\">S\u00f8rreisa kommune<\/a><br \/>\n<a href=\"http:\/\/9310.no\">Nyheter fra s\u00f8rreisa<\/a><br \/>\n<a href=\"http:\/\/bjorns.homeunix.org\/weather\">V\u00e6ret i Straumen<\/a><br \/>\n<a href=\"http:\/\/bjorns.homeunix.org\/galleriet\">Bilder<\/a><\/p>\n<p>&nbsp;<\/p>","protected":false},"excerpt":{"rendered":"<p>S\u00f8rreisa, har jeg forst\u00e5tt, er en popul\u00e6r plass for utflytta Senjav\u00e6ringa Kanskje fordi det er en utkant som ligger p\u00e5 innersida, og derfor ikke egentlig er en utkant, men en forkledt innkant. Mens det uti Torsken var langt uansett hvor &hellip; <a href=\"https:\/\/bjorngrande.net\/en\/sample-page\/\">Continue reading <span class=\"meta-nav\">&rarr;<\/span><\/a><\/p>","protected":false},"author":1,"featured_media":0,"parent":0,"menu_order":0,"comment_status":"open","ping_status":"open","template":"","meta":{"footnotes":""},"class_list":["post-2","page","type-page","status-publish","hentry"],"_links":{"self":[{"href":"https:\/\/bjorngrande.net\/en\/wp-json\/wp\/v2\/pages\/2","targetHints":{"allow":["GET"]}}],"collection":[{"href":"https:\/\/bjorngrande.net\/en\/wp-json\/wp\/v2\/pages"}],"about":[{"href":"https:\/\/bjorngrande.net\/en\/wp-json\/wp\/v2\/types\/page"}],"author":[{"embeddable":true,"href":"https:\/\/bjorngrande.net\/en\/wp-json\/wp\/v2\/users\/1"}],"replies":[{"embeddable":true,"href":"https:\/\/bjorngrande.net\/en\/wp-json\/wp\/v2\/comments?post=2"}],"version-history":[{"count":24,"href":"https:\/\/bjorngrande.net\/en\/wp-json\/wp\/v2\/pages\/2\/revisions"}],"predecessor-version":[{"id":706,"href":"https:\/\/bjorngrande.net\/en\/wp-json\/wp\/v2\/pages\/2\/revisions\/706"}],"wp:attachment":[{"href":"https:\/\/bjorngrande.net\/en\/wp-json\/wp\/v2\/media?parent=2"}],"curies":[{"name":"wp","href":"https:\/\/api.w.org\/{rel}","templated":true}]}}